{"id":24,"date":"2017-03-23T21:23:41","date_gmt":"2017-03-23T21:23:41","guid":{"rendered":"http:\/\/infodebuses.recorrido.cl\/?page_id=24"},"modified":"2018-01-23T12:58:47","modified_gmt":"2018-01-23T18:58:47","slug":"inicio","status":"publish","type":"page","link":"https:\/\/www.infodebuses.com.mx\/es\/","title":{"rendered":"Inicio"},"content":{"rendered":"<h1>Informaci\u00f3n de horarios y boletos en autobus en M\u00e9xico<\/h1>\n<p>En infodebuses.com.mx puedes encontrar toda la informaci\u00f3n disponible sobre los autobuses en M\u00e9xico. Conoce los horarios de salidas, precios y servicios de las distintas empresas de autobuses.<\/p>\n<h2>Empresas de autobuses destacadas en infodebuses.com.mx:<\/h2>\n<table border=\"1\" cellspacing=\"1\" cellpadding=\"1\">\n<tbody>\n<tr>\n<td><a href=\"https:\/\/www.infodebuses.mx\/autobuses\/ado\/\">Grupo ADO<\/a><\/td>\n<td><img loading=\"lazy\" class=\"aligncenter size-full wp-image-447\" src=\"http:\/\/www.infodebuses.mx\/wp-content\/uploads\/2017\/10\/logotipo-ado-e1507305332448.png\" alt=\"ado\" width=\"150\" height=\"43\" \/><\/td>\n<\/tr>\n<tr>\n<td><a href=\"https:\/\/www.infodebuses.mx\/autobuses\/primera-plus\/\">Primera Plus<\/a><\/td>\n<td><img loading=\"lazy\" class=\"aligncenter size-full wp-image-442\" src=\"http:\/\/www.infodebuses.mx\/wp-content\/uploads\/2017\/10\/Logo-primera-plus-e1507300881689.jpg\" alt=\"primera plus\" width=\"270\" height=\"68\" \/><\/td>\n<\/tr>\n<tr>\n<td><a href=\"https:\/\/www.infodebuses.mx\/autobuses\/etn\/\">ETN<\/a><\/td>\n<td><img loading=\"lazy\" class=\"aligncenter size-full wp-image-458\" src=\"http:\/\/www.infodebuses.mx\/wp-content\/uploads\/2017\/10\/logo-autobuses-etn-e1507657227103.png\" alt=\"autobuses-etn\" width=\"200\" height=\"93\" \/><\/td>\n<\/tr>\n<tr>\n<td><a href=\"https:\/\/www.infodebuses.mx\/autobuses\/omnibus\/\">Omnibus de M\u00e9xico<\/a><\/td>\n<td>\u00a0<img loading=\"lazy\" class=\"aligncenter size-full wp-image-463\" src=\"http:\/\/www.infodebuses.mx\/wp-content\/uploads\/2017\/10\/logo-omnibus-e1507662108642.jpg\" alt=\"omnibus\" width=\"268\" height=\"30\" \/><\/td>\n<\/tr>\n<tr>\n<td><a href=\"https:\/\/www.infodebuses.mx\/autobuses\/estrella-blanca\/\">Estrella Blanca<\/a><\/td>\n<td><img loading=\"lazy\" class=\"aligncenter size-full wp-image-466\" src=\"http:\/\/www.infodebuses.mx\/wp-content\/uploads\/2017\/10\/logo-estrella-blanca-e1507665856249.png\" alt=\"estrella-blanca\" width=\"120\" height=\"60\" \/><\/td>\n<\/tr>\n<tr>\n<td><a href=\"https:\/\/www.infodebuses.mx\/autobuses\/futura\/\">Futura<\/a><\/td>\n<td><img loading=\"lazy\" class=\"aligncenter size-full wp-image-484\" src=\"http:\/\/www.infodebuses.mx\/wp-content\/uploads\/2017\/11\/logo-futura-2-e1510262580481.png\" alt=\"autobuses-futura\" width=\"220\" height=\"55\" \/><\/td>\n<\/tr>\n<tr>\n<td><a href=\"https:\/\/www.infodebuses.mx\/autobuses\/estrella-de-oro\/\">Estrella de oro<\/a><\/td>\n<td><img loading=\"lazy\" class=\"aligncenter size-full wp-image-488\" src=\"http:\/\/www.infodebuses.mx\/wp-content\/uploads\/2017\/11\/logo-estrella-de-oro-1.png\" alt=\"estrella-de-oro\" width=\"137\" height=\"88\" \/><\/td>\n<\/tr>\n<tr>\n<td><a href=\"https:\/\/www.infodebuses.mx\/autobuses\/tufesa\/\">Tufesa<\/a><\/td>\n<td><img loading=\"lazy\" class=\"aligncenter size-full wp-image-721\" src=\"http:\/\/www.infodebuses.mx\/wp-content\/uploads\/2017\/11\/logo-tufesa-1.png\" alt=\"tufesa logo\" width=\"250\" height=\"78\" \/><\/td>\n<\/tr>\n<tr>\n<td><a href=\"https:\/\/www.infodebuses.mx\/autobuses\/transpais\/\">Transpais<\/a><\/td>\n<td><img loading=\"lazy\" class=\"aligncenter size-large wp-image-435\" src=\"http:\/\/www.infodebuses.mx\/wp-content\/uploads\/2017\/10\/transpais-logotipo-1024x79.png\" alt=\"\" width=\"616\" height=\"48\" \/><\/td>\n<\/tr>\n<tr>\n<td><a href=\"https:\/\/www.infodebuses.mx\/autobuses\/flecha-amarilla\/\">Flecha amarilla<\/a><\/td>\n<td><img loading=\"lazy\" class=\"aligncenter size-full wp-image-431\" src=\"http:\/\/www.infodebuses.mx\/wp-content\/uploads\/2017\/10\/Flecha-Amarilla-logo.png\" alt=\"logotipo flecha amarilla\" width=\"195\" height=\"56\" \/><\/td>\n<\/tr>\n<tr>\n<td><a href=\"https:\/\/www.infodebuses.mx\/autobuses\/costa-line\/\">Costa line<\/a><\/td>\n<td><img loading=\"lazy\" class=\"aligncenter size-full wp-image-425\" src=\"http:\/\/www.infodebuses.mx\/wp-content\/uploads\/2017\/10\/costa-line-logotipo-e1507216272364.jpg\" alt=\"costa-line\" width=\"200\" height=\"68\" \/><\/td>\n<\/tr>\n<tr>\n<td><a href=\"https:\/\/www.infodebuses.mx\/autobuses\/chihuahuenses\/\"><span data-sheets-value=\"{&quot;1&quot;:2,&quot;2&quot;:&quot;chihuahuenses&quot;}\" data-sheets-userformat=\"{&quot;2&quot;:8403901,&quot;3&quot;:[null,0],&quot;5&quot;:{&quot;1&quot;:[{&quot;1&quot;:2,&quot;2&quot;:0,&quot;5&quot;:[null,2,9684093]},{&quot;1&quot;:0,&quot;2&quot;:0,&quot;3&quot;:3},{&quot;1&quot;:1,&quot;2&quot;:0,&quot;4&quot;:1}]},&quot;6&quot;:{&quot;1&quot;:[{&quot;1&quot;:2,&quot;2&quot;:0,&quot;5&quot;:[null,2,9684093]},{&quot;1&quot;:0,&quot;2&quot;:0,&quot;3&quot;:3},{&quot;1&quot;:1,&quot;2&quot;:0,&quot;4&quot;:1}]},&quot;7&quot;:{&quot;1&quot;:[{&quot;1&quot;:2,&quot;2&quot;:0,&quot;5&quot;:[null,2,9684093]},{&quot;1&quot;:0,&quot;2&quot;:0,&quot;3&quot;:3},{&quot;1&quot;:1,&quot;2&quot;:0,&quot;4&quot;:1}]},&quot;8&quot;:{&quot;1&quot;:[{&quot;1&quot;:2,&quot;2&quot;:0,&quot;5&quot;:[null,2,9684093]},{&quot;1&quot;:0,&quot;2&quot;:0,&quot;3&quot;:3},{&quot;1&quot;:1,&quot;2&quot;:0,&quot;4&quot;:1}]},&quot;10&quot;:2,&quot;11&quot;:0,&quot;12&quot;:0,&quot;14&quot;:[null,2,0],&quot;15&quot;:&quot;Calibri, sans-serif&quot;,&quot;16&quot;:12,&quot;26&quot;:400}\">Chihuahuenses<\/span><\/a><\/td>\n<td><img loading=\"lazy\" class=\"aligncenter size-full wp-image-547\" src=\"http:\/\/www.infodebuses.mx\/wp-content\/uploads\/2017\/12\/chihuahuenses-logo.png\" alt=\"chihuahuenses\" width=\"166\" height=\"60\" \/><\/td>\n<\/tr>\n<tr>\n<td>\u00a0<a href=\"https:\/\/www.infodebuses.mx\/autobuses\/vallarta-plus\/\">Vallerta Plus<\/a><\/td>\n<td><img loading=\"lazy\" class=\"aligncenter wp-image-544 size-medium\" src=\"http:\/\/www.infodebuses.mx\/wp-content\/uploads\/2017\/12\/vallarta-plus-logo-300x161.png\" alt=\"vallarta-plus\" width=\"300\" height=\"161\" \/><\/td>\n<\/tr>\n<tr>\n<td><a href=\"https:\/\/www.infodebuses.mx\/autobuses\/la-linea\/\">La Linea\u00a0<\/a><\/td>\n<td><img loading=\"lazy\" class=\"aligncenter size-full wp-image-519\" src=\"http:\/\/www.infodebuses.mx\/wp-content\/uploads\/2017\/12\/la-linea-logo.png\" alt=\"la-linea\" width=\"234\" height=\"61\" \/><\/td>\n<\/tr>\n<tr>\n<td>\u00a0<a href=\"https:\/\/www.infodebuses.mx\/autobuses\/turistar\/\">Turistar<\/a><\/td>\n<td><img loading=\"lazy\" class=\"aligncenter size-full wp-image-696\" src=\"http:\/\/www.infodebuses.mx\/wp-content\/uploads\/2018\/01\/turistar-logo.png\" alt=\"turistar\" width=\"180\" height=\"90\" \/><\/td>\n<\/tr>\n<tr>\n<td><a href=\"https:\/\/www.infodebuses.mx\/autobuses\/pullman-de-morelos\/\">Pullman de morelos<\/a><\/td>\n<td><img loading=\"lazy\" class=\"aligncenter size-full wp-image-601\" src=\"http:\/\/www.infodebuses.mx\/wp-content\/uploads\/2018\/01\/pullman-de-morelos-logo.png\" alt=\"\" width=\"200\" height=\"43\" \/><\/td>\n<\/tr>\n<\/tbody>\n<\/table>\n","protected":false},"excerpt":{"rendered":"<p>Informaci\u00f3n de horarios y boletos en autobus en M\u00e9xico En infodebuses.com.mx puedes encontrar toda la informaci\u00f3n disponible sobre los autobuses en M\u00e9xico. Conoce los horarios de salidas, precios y servicios de las distintas empresas de autobuses. Empresas de autobuses destacadas en infodebuses.com.mx: Grupo ADO Primera Plus ETN Omnibus de M\u00e9xico \u00a0 Estrella Blanca Futura Estrella [&hellip;]<\/p>\n","protected":false},"author":3,"featured_media":0,"parent":0,"menu_order":0,"comment_status":"closed","ping_status":"closed","template":"","meta":{"_monsterinsights_skip_tracking":false,"_monsterinsights_sitenote_active":false,"_monsterinsights_sitenote_note":"","_monsterinsights_sitenote_category":0},"_links":{"self":[{"href":"https:\/\/www.infodebuses.com.mx\/es\/wp-json\/wp\/v2\/pages\/24"}],"collection":[{"href":"https:\/\/www.infodebuses.com.mx\/es\/wp-json\/wp\/v2\/pages"}],"about":[{"href":"https:\/\/www.infodebuses.com.mx\/es\/wp-json\/wp\/v2\/types\/page"}],"author":[{"embeddable":true,"href":"https:\/\/www.infodebuses.com.mx\/es\/wp-json\/wp\/v2\/users\/3"}],"replies":[{"embeddable":true,"href":"https:\/\/www.infodebuses.com.mx\/es\/wp-json\/wp\/v2\/comments?post=24"}],"version-history":[{"count":0,"href":"https:\/\/www.infodebuses.com.mx\/es\/wp-json\/wp\/v2\/pages\/24\/revisions"}],"wp:attachment":[{"href":"https:\/\/www.infodebuses.com.mx\/es\/wp-json\/wp\/v2\/media?parent=24"}],"curies":[{"name":"wp","href":"https:\/\/api.w.org\/{rel}","templated":true}]}}